{"id":98,"date":"2015-03-30T09:06:12","date_gmt":"2015-03-30T08:06:12","guid":{"rendered":"http:\/\/solamiklavz.splet.arnes.si\/?page_id=98"},"modified":"2025-10-14T16:46:35","modified_gmt":"2025-10-14T14:46:35","slug":"sola-v-naravi","status":"publish","type":"page","link":"https:\/\/solamiklavz.splet.arnes.si\/?page_id=98","title":{"rendered":"\u0160ola v naravi"},"content":{"rendered":"<p><img loading=\"lazy\" decoding=\"async\" class=\"alignright size-full wp-image-470\" src=\"http:\/\/solamiklavz.splet.arnes.si\/files\/2015\/04\/sola_v_naravi.jpg\" alt=\"sola_v_naravi\" width=\"153\" height=\"150\" srcset=\"https:\/\/solamiklavz.splet.arnes.si\/files\/2015\/04\/sola_v_naravi.jpg 153w, https:\/\/solamiklavz.splet.arnes.si\/files\/2015\/04\/sola_v_naravi-56x55.jpg 56w\" sizes=\"auto, (max-width: 153px) 100vw, 153px\" \/><\/p>\n<table width=\"100%\">\n<tbody>\n<tr>\n<td width=\"14%\">RAZRED<\/td>\n<td width=\"25%\">KRAJ<\/td>\n<td width=\"28%\">\u010cAS<\/td>\n<td width=\"11%\">\u0160T. DNI<\/td>\n<td width=\"19%\">ORGANIZATOR<\/td>\n<\/tr>\n<tr>\n<td width=\"14%\">3.<\/td>\n<td width=\"25%\">C\u0160OD Murska Sobota<\/td>\n<td width=\"28%\">3. 11. &nbsp;\u2013 7. 11. 2025<\/td>\n<td width=\"11%\">5<\/td>\n<td width=\"19%\">Du\u0161anka Kop\u0161e<\/td>\n<\/tr>\n<tr>\n<td width=\"14%\">5.<\/td>\n<td width=\"25%\">C\u0160OD Bohinj<\/td>\n<td width=\"28%\">16.2. &#8211; 20.2.2026<\/p>\n<p>16.3. \u2013 20.3.2026<\/td>\n<td width=\"11%\">5<\/td>\n<td width=\"19%\">Irena Kos,<\/p>\n<p>Simona \u017ditnik<\/td>\n<\/tr>\n<tr>\n<td width=\"14%\">7.<\/td>\n<td width=\"25%\">C\u0160OD Radenci<\/td>\n<td width=\"28%\">19.1. \u2013 23. 1. 2026<\/td>\n<td width=\"11%\">5<\/td>\n<td width=\"19%\">Rok Ti\u0161ler<\/td>\n<\/tr>\n<tr>\n<td width=\"14%\">5.-9.r<\/td>\n<td width=\"25%\">Pohorje-Tisa-intenzivne pevske vaje mladinskega zbora<\/td>\n<td width=\"28%\">10. 10. -11. 10. 2025<\/td>\n<td width=\"11%\">2<\/td>\n<td width=\"19%\">Nu\u0161a Vajs<\/td>\n<\/tr>\n<\/tbody>\n<\/table>\n<p>&nbsp;<\/p>\n<table width=\"100%\">\n<tbody>\n<tr>\n<td width=\"30%\">RAZRED<\/td>\n<td width=\"69%\">DEJAVNOST<\/td>\n<\/tr>\n<tr>\n<td width=\"30%\">3. r.<\/td>\n<td width=\"69%\">\u0160PO, SPO, LUM, GUM<\/td>\n<\/tr>\n<tr>\n<td width=\"30%\">5. r.<\/td>\n<td width=\"69%\">ND, \u0160D, \u0160D, ID, ID<\/td>\n<\/tr>\n<tr>\n<td width=\"30%\">7. r.<\/td>\n<td width=\"69%\">ND, \u0160D, TD, \u0160D, TD<\/td>\n<\/tr>\n<\/tbody>\n<\/table>\n<p>&nbsp;<\/p>\n","protected":false},"excerpt":{"rendered":"<p>RAZRED KRAJ \u010cAS \u0160T. DNI ORGANIZATOR 3. C\u0160OD Murska Sobota 3. 11. &nbsp;\u2013 7. 11. 2025 5 Du\u0161anka Kop\u0161e 5. C\u0160OD Bohinj 16.2. &#8211; 20.2.2026 16.3. \u2013 20.3.2026 5 Irena Kos, Simona \u017ditnik 7. C\u0160OD Radenci 19.1. \u2013 23. 1. 2026 5 Rok Ti\u0161ler 5.-9.r Pohorje-Tisa-intenzivne pevske vaje mladinskega zbora&#46;&#46;&#46;<\/p>\n","protected":false},"author":2448,"featured_media":0,"parent":0,"menu_order":0,"comment_status":"open","ping_status":"open","template":"","meta":{"ngg_post_thumbnail":0,"footnotes":"","_expiration-date-status":"","_expiration-date":0,"_expiration-date-type":"","_expiration-date-categories":[],"_expiration-date-options":[]},"class_list":["post-98","page","type-page","status-publish","hentry"],"_links":{"self":[{"href":"https:\/\/solamiklavz.splet.arnes.si\/index.php?rest_route=\/wp\/v2\/pages\/98","targetHints":{"allow":["GET"]}}],"collection":[{"href":"https:\/\/solamiklavz.splet.arnes.si\/index.php?rest_route=\/wp\/v2\/pages"}],"about":[{"href":"https:\/\/solamiklavz.splet.arnes.si\/index.php?rest_route=\/wp\/v2\/types\/page"}],"author":[{"embeddable":true,"href":"https:\/\/solamiklavz.splet.arnes.si\/index.php?rest_route=\/wp\/v2\/users\/2448"}],"replies":[{"embeddable":true,"href":"https:\/\/solamiklavz.splet.arnes.si\/index.php?rest_route=%2Fwp%2Fv2%2Fcomments&post=98"}],"version-history":[{"count":18,"href":"https:\/\/solamiklavz.splet.arnes.si\/index.php?rest_route=\/wp\/v2\/pages\/98\/revisions"}],"predecessor-version":[{"id":31430,"href":"https:\/\/solamiklavz.splet.arnes.si\/index.php?rest_route=\/wp\/v2\/pages\/98\/revisions\/31430"}],"wp:attachment":[{"href":"https:\/\/solamiklavz.splet.arnes.si\/index.php?rest_route=%2Fwp%2Fv2%2Fmedia&parent=98"}],"curies":[{"name":"wp","href":"https:\/\/api.w.org\/{rel}","templated":true}]}}