{"id":84,"date":"2015-03-30T09:04:04","date_gmt":"2015-03-30T08:04:04","guid":{"rendered":"http:\/\/solamiklavz.splet.arnes.si\/?page_id=84"},"modified":"2025-10-14T17:01:40","modified_gmt":"2025-10-14T15:01:40","slug":"solski-koledar","status":"publish","type":"page","link":"https:\/\/solamiklavz.splet.arnes.si\/?page_id=84","title":{"rendered":"\u0160olski koledar"},"content":{"rendered":"<p><a href=\"http:\/\/solamiklavz.splet.arnes.si\/files\/2015\/04\/koledar.jpg\"><img loading=\"lazy\" decoding=\"async\" class=\"wp-image-457 size-full alignright\" src=\"http:\/\/solamiklavz.splet.arnes.si\/files\/2015\/04\/koledar.jpg\" alt=\"koledar\" width=\"160\" height=\"150\" srcset=\"https:\/\/solamiklavz.splet.arnes.si\/files\/2015\/04\/koledar.jpg 160w, https:\/\/solamiklavz.splet.arnes.si\/files\/2015\/04\/koledar-58x55.jpg 58w\" sizes=\"auto, (max-width: 160px) 100vw, 160px\" \/><\/a>Pri\u010detek pouka v \u0161olskem letu 2025\/2026 je v ponedeljek, 1. septembra 2025, zaklju\u010dek v sredo, 24. junija 2026, za 9. razrede pa v ponedeljek, 15. junija 2026.<\/p>\n<p>Za u\u010dence od 1. do 9. razreda je \u0161olsko leto razdeljeno na dve ocenjevalni obdobji:<\/p>\n<p>&#8211; od 1. 9. 2025 do 30. 1. 2026;<\/p>\n<p>&#8211; od 31. 1. 2026 do 24. 6. 2026 (za u\u010dence 9. razredov traja ocenjevalno obdobje do 15. junija 2026).<\/p>\n<p>&nbsp;<\/p>\n<p><strong>PO\u010cITNICE<\/strong><\/p>\n<ul>\n<li>JESENSKE: 27. 10.\u201331. 10. (ponedeljek\u2013petek)<\/li>\n<li>NOVOLETNE: 25. 12.\u20132. 1. (\u010detrtek\u2013petek)<\/li>\n<li>ZIMSKE: 23. 2.\u201327. 2. (ponedeljek\u2013petek)<\/li>\n<li>PRVOMAJSKE: 27. 4.\u20131. 5. (ponedeljek\u2013petek)<\/li>\n<li>POLETNE: 26. 6.\u201331. 8. (petek\u2013ponedeljek)<\/li>\n<\/ul>\n<p><strong>POUKA PROSTI DNEVI<\/strong><\/p>\n<ul>\n<li>31. 10. 2025 \u2013 dan reformacije (petek)<\/li>\n<li>1. 11.2025 \u2013 dan spomina na mrtve (sobota)<\/li>\n<li>25. 12. 2025 \u2013 bo\u017ei\u010d (\u010detrtek)<\/li>\n<li>26. 12. 2025 \u2013 dan samostojnosti in enotnosti (petek)<\/li>\n<li>1. 1. 2026 \u2013 novo leto (\u010detrtek)<\/li>\n<li>2. 1. 2026 \u2013 novo leto (petek)<\/li>\n<li>8. 2. 2026 \u2013 Pre\u0161ernov dan, slovenski kulturni praznik (nedelja)<\/li>\n<li>6. 4. 2026 \u2013 velikono\u010dni ponedeljek (ponedeljek)<\/li>\n<li>27. 4. 2026 \u2013 dan upora proti okupatorju (ponedeljek)<\/li>\n<li>1. 5. 2026 \u2013 praznik dela (petek)<\/li>\n<li>2. 5. 2026 \u2013 praznik dela (sobota)<\/li>\n<li>25. 6. 2026 \u2013 dan dr\u017eavnosti (\u010detrtek)<\/li>\n<\/ul>\n<p><strong>DNEVI POUKA PO MESECIH<\/strong><\/p>\n<ul>\n<li>SEPTEMBER 22 dni pouka<\/li>\n<li>OKTOBER 18 dni pouka<\/li>\n<li>NOVEMBER 20 dni pouka<\/li>\n<li>DECEMBER 18 dni pouka<\/li>\n<li>JANUAR 20 dni pouka<\/li>\n<li>FEBRUAR 15 dni pouka<\/li>\n<li>MAREC 22 dni pouka<\/li>\n<li>APRIL 17 dni pouka<\/li>\n<li>MAJ 20 dni pouka<\/li>\n<li>JUNIJ 18 dni pouka, 11 dni pouka &#8211; 9. r.<\/li>\n<\/ul>\n<p><strong>IZPITNI ROKI ZA PREDMETNE IN POPRAVNE IZPITE<\/strong><\/p>\n<ul>\n<li>Popravni izpiti za u\u010dence&nbsp; 9. razredov (1. rok) \u2013 od 16. 6. do 30. 6. 2026.<\/li>\n<li>popravni izpiti za u\u010dence od 1. do 8. razreda (1. rok) \u2013 od 26. 6. do 9. 7. 2026,<\/li>\n<li>popravni izpiti za u\u010dence od 1. do 9. razreda (2. rok) \u2013 od 18. 8. do 31. 8. 2026.<\/li>\n<\/ul>\n<p><strong>ROKI ZA OCENJEVANJE ZNANJA U\u010cENCEV, KI SE IZOBRA\u017dUJEJO NA DOMU<\/strong><\/p>\n<ul>\n<li>U\u010denci 9. razreda (1. rok) \u2013 od 2. 2. do 15. 6. 2026,<\/li>\n<li>u\u010denci od 1. do 8. razreda (1. rok) \u2013 od 2. 2. do 24. 6. 2026,&nbsp;<\/li>\n<li>u\u010denci od 1. do 9. razreda (2. rok) \u2013 od 18. 8. do 31. 8. 2026.<\/li>\n<\/ul>\n","protected":false},"excerpt":{"rendered":"<p>Pri\u010detek pouka v \u0161olskem letu 2025\/2026 je v ponedeljek, 1. septembra 2025, zaklju\u010dek v sredo, 24. junija 2026, za 9. razrede pa v ponedeljek, 15. junija 2026. Za u\u010dence od 1. do 9. razreda je \u0161olsko leto razdeljeno na dve ocenjevalni obdobji: &#8211; od 1. 9. 2025 do 30. 1.&#46;&#46;&#46;<\/p>\n","protected":false},"author":2448,"featured_media":0,"parent":0,"menu_order":0,"comment_status":"open","ping_status":"open","template":"","meta":{"ngg_post_thumbnail":0,"footnotes":"","_expiration-date-status":"","_expiration-date":0,"_expiration-date-type":"","_expiration-date-categories":[],"_expiration-date-options":[]},"class_list":["post-84","page","type-page","status-publish","hentry"],"_links":{"self":[{"href":"https:\/\/solamiklavz.splet.arnes.si\/index.php?rest_route=\/wp\/v2\/pages\/84","targetHints":{"allow":["GET"]}}],"collection":[{"href":"https:\/\/solamiklavz.splet.arnes.si\/index.php?rest_route=\/wp\/v2\/pages"}],"about":[{"href":"https:\/\/solamiklavz.splet.arnes.si\/index.php?rest_route=\/wp\/v2\/types\/page"}],"author":[{"embeddable":true,"href":"https:\/\/solamiklavz.splet.arnes.si\/index.php?rest_route=\/wp\/v2\/users\/2448"}],"replies":[{"embeddable":true,"href":"https:\/\/solamiklavz.splet.arnes.si\/index.php?rest_route=%2Fwp%2Fv2%2Fcomments&post=84"}],"version-history":[{"count":15,"href":"https:\/\/solamiklavz.splet.arnes.si\/index.php?rest_route=\/wp\/v2\/pages\/84\/revisions"}],"predecessor-version":[{"id":31722,"href":"https:\/\/solamiklavz.splet.arnes.si\/index.php?rest_route=\/wp\/v2\/pages\/84\/revisions\/31722"}],"wp:attachment":[{"href":"https:\/\/solamiklavz.splet.arnes.si\/index.php?rest_route=%2Fwp%2Fv2%2Fmedia&parent=84"}],"curies":[{"name":"wp","href":"https:\/\/api.w.org\/{rel}","templated":true}]}}