{"id":73,"date":"2015-03-30T08:59:03","date_gmt":"2015-03-30T07:59:03","guid":{"rendered":"http:\/\/solamiklavz.splet.arnes.si\/?page_id=73"},"modified":"2025-10-14T17:03:35","modified_gmt":"2025-10-14T15:03:35","slug":"svet-starsev","status":"publish","type":"page","link":"https:\/\/solamiklavz.splet.arnes.si\/?page_id=73","title":{"rendered":"Svet star\u0161ev"},"content":{"rendered":"<div class=\"article-content\">\n<p>Svet star\u0161ev:<\/p>\n<ul>\n<li>predlaga nadstandardne programe,<\/li>\n<li>potrjujejo delovne zvezke,<\/li>\n<li>daje soglasje k predlogu ravnatelja o nadstandardnih storitvah,<\/li>\n<li>daje mnenje o predlogu programa razvoja \u0161ole in o Letnem delovnem na\u010drtu,<\/li>\n<li>razpravlja o poro\u010dilih ravnatelja o vzgojno-izobra\u017eevalni problematiki,<\/li>\n<li>obravnava prito\u017ebe star\u0161ev v zvezi z vzgojno-izobra\u017eevalnim delom,<\/li>\n<li>voli predstavnike v Svet zavoda,<\/li>\n<li>opravlja druge naloge, v skladu z zakonom in drugimi predpisi.<\/li>\n<\/ul>\n<p>&nbsp;<\/p>\n<p>V \u0161olskem letu 2025\/2026 so bili izvoljeni naslednji predstavniki:<\/p>\n<\/div>\n<table>\n<tbody>\n<tr>\n<td width=\"94\">RAZRED<\/td>\n<td width=\"312\">IME IN PRIIMEK<\/td>\n<\/tr>\n<tr>\n<td width=\"94\">1.A<\/td>\n<td width=\"312\">DEA KVERH<\/td>\n<\/tr>\n<tr>\n<td width=\"94\">1.B<\/td>\n<td width=\"312\">VIL\u010cNIK SIMONI\u010c SABINA<\/td>\n<\/tr>\n<tr>\n<td width=\"94\">1.C<\/td>\n<td width=\"312\">SANJA MILUTINOVI\u0106<\/td>\n<\/tr>\n<tr>\n<td width=\"94\">2.A<\/td>\n<td width=\"312\">LEA PAHI\u010c<\/td>\n<\/tr>\n<tr>\n<td width=\"94\">2.B<\/td>\n<td width=\"312\">MARJA VEIT VISENJAK<\/td>\n<\/tr>\n<tr>\n<td width=\"94\">2.C<\/td>\n<td width=\"312\">MAJA PELKO<\/td>\n<\/tr>\n<tr>\n<td width=\"94\">3.A<\/td>\n<td width=\"312\">NINA PINTERI\u010c<\/td>\n<\/tr>\n<tr>\n<td width=\"94\">3.B<\/td>\n<td width=\"312\">TANJA HORVAT<\/td>\n<\/tr>\n<tr>\n<td width=\"94\">3.C<\/td>\n<td width=\"312\">ZORICA STOJANOVI\u0106<\/td>\n<\/tr>\n<tr>\n<td width=\"94\">4.A<\/td>\n<td width=\"312\">MAJA VODOVNIK<\/td>\n<\/tr>\n<tr>\n<td width=\"94\">4.B<\/td>\n<td width=\"312\">SANJA KIRBI\u0160 FABJAN\u010cI\u010c<\/td>\n<\/tr>\n<tr>\n<td width=\"94\">4.C<\/td>\n<td width=\"312\">MAJA KRIVEC<\/td>\n<\/tr>\n<tr>\n<td width=\"94\">5.A<\/td>\n<td width=\"312\">DAMJANA OMAHNA<\/td>\n<\/tr>\n<tr>\n<td width=\"94\">5.B<\/td>\n<td width=\"312\">MAJA LIPNIK<\/td>\n<\/tr>\n<tr>\n<td width=\"94\">5.C<\/td>\n<td width=\"312\">PETRA LE\u0160NIK SO\u010cE<\/td>\n<\/tr>\n<tr>\n<td width=\"94\">5.D<\/td>\n<td width=\"312\">MARINA MLINARI\u010c<\/td>\n<\/tr>\n<tr>\n<td width=\"94\">6.A<\/td>\n<td width=\"312\">DANIELA PODGORNIK PEKI\u010c<\/td>\n<\/tr>\n<tr>\n<td width=\"94\">6.B<\/td>\n<td width=\"312\">PATRICIJA LESKOVAR<\/td>\n<\/tr>\n<tr>\n<td width=\"94\">6.C<\/td>\n<td width=\"312\">TJA\u0160A LAMOT<\/td>\n<\/tr>\n<tr>\n<td width=\"94\">6.D<\/td>\n<td width=\"312\">BARBARA OZBI\u010c KIRIJAKOPULOS<\/td>\n<\/tr>\n<tr>\n<td width=\"94\">7.A<\/td>\n<td width=\"312\">JANJA SAGADIN PONUDI\u010c<\/td>\n<\/tr>\n<tr>\n<td width=\"94\">7.B<\/td>\n<td width=\"312\">KARMEN SRNKO<\/td>\n<\/tr>\n<tr>\n<td width=\"94\">7.C<\/td>\n<td width=\"312\">VALERIJA \u0160TRAMCAR<\/td>\n<\/tr>\n<tr>\n<td width=\"94\">8.A<\/td>\n<td width=\"312\">TINA FIC<\/td>\n<\/tr>\n<tr>\n<td width=\"94\">8.B<\/td>\n<td width=\"312\">TINA LIPOVEC<\/td>\n<\/tr>\n<tr>\n<td width=\"94\">8.C<\/td>\n<td width=\"312\">TANJA KRANJC<\/td>\n<\/tr>\n<tr>\n<td width=\"94\">9.A<\/td>\n<td width=\"312\">ADELA \u010cOLNIK<\/td>\n<\/tr>\n<tr>\n<td width=\"94\">9.B<\/td>\n<td width=\"312\">MAJA IVAN\u010cI\u0106<\/td>\n<\/tr>\n<tr>\n<td width=\"94\">9.C<\/td>\n<td width=\"312\">KOKOT \u010cU\u010cEK MAJA<\/td>\n<\/tr>\n<tr>\n<td width=\"94\">9.D<\/td>\n<td width=\"312\">BARBARA MURKO<\/td>\n<\/tr>\n<\/tbody>\n<\/table>\n<div class=\"article-content\">\n<p>NA\u010cRT SESTANKOV SVETA STAR\u0160EV 2025\/2026:<\/p>\n<ul>\n<li>1. 10. 2025 ob 17.00<\/li>\n<li>18. 2. 2026 ob 17. 00<\/li>\n<li>20. 5. 2026 ob 17. 00<\/li>\n<\/ul>\n<p>POSLOVNIK SVETA STAR\u0160EV:<\/p>\n<ul>\n<li style=\"text-align: left\"><a href=\"https:\/\/solamiklavz.splet.arnes.si\/files\/2024\/05\/poslovnikSS-2024.pdf\" target=\"_blank\" rel=\"noopener\">Poslovnik Sveta star\u0161ev<\/a><\/li>\n<\/ul>\n<\/div>\n","protected":false},"excerpt":{"rendered":"<p>Svet star\u0161ev: predlaga nadstandardne programe, potrjujejo delovne zvezke, daje soglasje k predlogu ravnatelja o nadstandardnih storitvah, daje mnenje o predlogu programa razvoja \u0161ole in o Letnem delovnem na\u010drtu, razpravlja o poro\u010dilih ravnatelja o vzgojno-izobra\u017eevalni problematiki, obravnava prito\u017ebe star\u0161ev v zvezi z vzgojno-izobra\u017eevalnim delom, voli predstavnike v Svet zavoda, opravlja druge&#46;&#46;&#46;<\/p>\n","protected":false},"author":2448,"featured_media":0,"parent":0,"menu_order":0,"comment_status":"open","ping_status":"open","template":"","meta":{"ngg_post_thumbnail":0,"footnotes":"","_expiration-date-status":"","_expiration-date":0,"_expiration-date-type":"","_expiration-date-categories":[],"_expiration-date-options":[]},"class_list":["post-73","page","type-page","status-publish","hentry"],"_links":{"self":[{"href":"https:\/\/solamiklavz.splet.arnes.si\/index.php?rest_route=\/wp\/v2\/pages\/73","targetHints":{"allow":["GET"]}}],"collection":[{"href":"https:\/\/solamiklavz.splet.arnes.si\/index.php?rest_route=\/wp\/v2\/pages"}],"about":[{"href":"https:\/\/solamiklavz.splet.arnes.si\/index.php?rest_route=\/wp\/v2\/types\/page"}],"author":[{"embeddable":true,"href":"https:\/\/solamiklavz.splet.arnes.si\/index.php?rest_route=\/wp\/v2\/users\/2448"}],"replies":[{"embeddable":true,"href":"https:\/\/solamiklavz.splet.arnes.si\/index.php?rest_route=%2Fwp%2Fv2%2Fcomments&post=73"}],"version-history":[{"count":17,"href":"https:\/\/solamiklavz.splet.arnes.si\/index.php?rest_route=\/wp\/v2\/pages\/73\/revisions"}],"predecessor-version":[{"id":31435,"href":"https:\/\/solamiklavz.splet.arnes.si\/index.php?rest_route=\/wp\/v2\/pages\/73\/revisions\/31435"}],"wp:attachment":[{"href":"https:\/\/solamiklavz.splet.arnes.si\/index.php?rest_route=%2Fwp%2Fv2%2Fmedia&parent=73"}],"curies":[{"name":"wp","href":"https:\/\/api.w.org\/{rel}","templated":true}]}}