{"id":33140,"date":"2026-02-03T12:29:21","date_gmt":"2026-02-03T11:29:21","guid":{"rendered":"https:\/\/solamiklavz.splet.arnes.si\/?page_id=33140"},"modified":"2026-04-15T09:21:48","modified_gmt":"2026-04-15T07:21:48","slug":"karierna-orientacija","status":"publish","type":"page","link":"https:\/\/solamiklavz.splet.arnes.si\/?page_id=33140","title":{"rendered":"Karierna orientacija"},"content":{"rendered":"<p style=\"text-align: center\"><span style=\"color: #33cccc;font-size: 18pt\"><strong>KARIERNA ORIENTACIJA<\/strong><\/span><\/p>\n<p><span style=\"font-size: 18pt;color: #0000ff\"><strong>ELEKTRONSKI PRENOS PRIJAVNICE<\/strong><\/span><\/p>\n<p>\u010ce je kandidat oddal elektronsko prijavnico, ki jo \u017eeli sedaj prenesti, je postopek naslednji: zopet vstopi v vpisno aplikacijo. Do aplikacije lahko vstopa preko spletnih strani ministrstva: <a href=\"https:\/\/www.gov.si\/teme\/vpis-v-srednjo-solo\/\">Vpis v srednjo \u0161olo | GOV.SI<\/a>, kot ka\u017ee slika:<\/p>\n<p><img loading=\"lazy\" decoding=\"async\" id=\"v1Slika_x0020_4\" src=\"https:\/\/webmail.arnes.si\/?_task=mail&amp;_action=get&amp;_mbox=INBOX&amp;_uid=7876&amp;_token=9kK7LGccFHRy3XU6JGEdFyysqFgdF952&amp;_part=6&amp;_embed=1&amp;_mimeclass=image\" width=\"291\" height=\"292\" border=\"0\"><\/p>\n<p>Vstopi v vpisno aplikacijo in se prijavi:<\/p>\n<p><img loading=\"lazy\" decoding=\"async\" id=\"v1Slika_x0020_3\" src=\"https:\/\/webmail.arnes.si\/?_task=mail&amp;_action=get&amp;_mbox=INBOX&amp;_uid=7876&amp;_token=9kK7LGccFHRy3XU6JGEdFyysqFgdF952&amp;_part=7&amp;_embed=1&amp;_mimeclass=image\" width=\"935\" height=\"216\" border=\"0\"><\/p>\n<p>Vnese svoj elektronski naslov in geslo (gre za uporabni\u0161ki ra\u010dun, torej isti elektronski naslov in geslo, kot ga je kandidat registriral ob oddaji prvotne elektronske prijavnice). Pri svoji \u017ee oddani prvotni prijavnici bo zagledal gumb \u00bbprenosi\u00ab. Kot test prikazujem spodnjo sliko:<\/p>\n<p><img loading=\"lazy\" decoding=\"async\" id=\"v1_x0000_i1028\" src=\"https:\/\/webmail.arnes.si\/?_task=mail&amp;_action=get&amp;_mbox=INBOX&amp;_uid=7876&amp;_token=9kK7LGccFHRy3XU6JGEdFyysqFgdF952&amp;_part=2&amp;_embed=1&amp;_mimeclass=image\" width=\"843\" height=\"151\" border=\"0\"><\/p>\n<p>Klikne na ta gumb prenosi, odpre se mu naslednja maska:<\/p>\n<p><img loading=\"lazy\" decoding=\"async\" id=\"v1Slika_x0020_2\" src=\"https:\/\/webmail.arnes.si\/?_task=mail&amp;_action=get&amp;_mbox=INBOX&amp;_uid=7876&amp;_token=9kK7LGccFHRy3XU6JGEdFyysqFgdF952&amp;_part=3&amp;_embed=1&amp;_mimeclass=image\" width=\"539\" height=\"346\" border=\"0\"><\/p>\n<p>izpolni dva podatka, kam \u017eeli prenesti prijavnico (aplikacija ga lepo vodi).<\/p>\n<p><img loading=\"lazy\" decoding=\"async\" id=\"v1_x0000_i1026\" src=\"https:\/\/webmail.arnes.si\/?_task=mail&amp;_action=get&amp;_mbox=INBOX&amp;_uid=7876&amp;_token=9kK7LGccFHRy3XU6JGEdFyysqFgdF952&amp;_part=4&amp;_embed=1&amp;_mimeclass=image\" width=\"229\" height=\"368\" border=\"0\"><\/p>\n<p>Zaklju\u010di z vnosom prenosa in prijavnico odda <u>ter jo natisne<\/u>. Prikazala se mu bo njegova prvotna prijavnica, kamor je oddal prvotno prijavnico + dodan del, kam \u017eeli prenesti prijavnico. Torej, ponovno se mu izpisala ista prijavnica, kot jo je prvotno oddal, le da bo ta prijavnica na koncu imela \u0161e dodani del glede prenosa prijavnice. To podpi\u0161e skupaj s star\u0161i in natisnjeno elektronsko preneseno prijavnico <strong>po\u0161lje na NOVO \u0161olo<\/strong> oziroma na \u0161olo, kamor prena\u0161a prijavnico. <strong>NE IZPOLNJUJE NOVE PRIJAVNICE!<\/strong><\/p>\n<p>&nbsp;<\/p>\n<p><span style=\"color: #0000ff\"><strong>PRENOS PRIJAVNICE, ki je bila fizi\u010dno oddana.<\/strong><\/span><\/p>\n<p>\u010ce pa je kandidat prvotno prijavnico za vpis v srednjo \u0161olo oddal v fizi\u010dno obliki (jo je ro\u010dno izpolnil), pa je postopek prenosa prijavnice pojasnjen tudi na spletni strani ministrstva na naslovu: <a href=\"https:\/\/www.gov.si\/teme\/vpis-v-srednjo-solo\/\">Vpis v srednjo \u0161olo | GOV.SI<\/a> pod to\u010dko 5, kot ka\u017ee spodnja slika.<\/p>\n<p><img loading=\"lazy\" decoding=\"async\" id=\"v1Slika_x0020_1\" src=\"https:\/\/webmail.arnes.si\/?_task=mail&amp;_action=get&amp;_mbox=INBOX&amp;_uid=7876&amp;_token=9kK7LGccFHRy3XU6JGEdFyysqFgdF952&amp;_part=5&amp;_embed=1&amp;_mimeclass=image\" width=\"452\" height=\"491\" border=\"0\"><\/p>\n<p>&nbsp;<\/p>\n<p>&nbsp;<\/p>\n<p><strong><span style=\"font-size: 18pt;color: #0000ff\">ELEKTRONSKO PRIJAVLJANJE NA SREDNJE \u0160OLE<\/span><\/strong><\/p>\n<p><strong>1.korak<\/strong>&#8211; <a href=\"https:\/\/paka3.mss.edus.si\/vp\/ui\/#\/\">POVEZAVA DO VPISNE APLIKACIJE<\/a>&nbsp;<\/p>\n<p>&nbsp;<a href=\"https:\/\/solamiklavz.splet.arnes.si\/files\/2026\/02\/Registracija-uporabnika-v-aplikaciji-VPISNI-POSTOPKI.pdf\">Registracija uporabnika v aplikaciji-VPISNI POSTOPKI&nbsp; &nbsp;<span style=\"color: #000000\"> (povezava do vpisa se nahaja tudi na prvi strani tega dokumenta)<\/span><\/a><\/p>\n<p><strong>2. korak<\/strong> &#8211; Po registraciji uporabnika, se vpi\u0161ete nazaj v aplikacijo in na levi strani izberite &#8220;<strong>VPIS V SREDNJO \u0160OLO&#8221;<\/strong><\/p>\n<p><strong>3. korak<\/strong> &#8211; Video vodi\u010d izpolnjevanja elektronske prijavnice<\/p>\n<div style=\"width: 1920px;\" class=\"wp-video\"><video class=\"wp-video-shortcode\" id=\"video-33140-1\" width=\"1920\" height=\"1080\" preload=\"metadata\" controls=\"controls\"><source type=\"video\/mp4\" src=\"https:\/\/solamiklavz.splet.arnes.si\/files\/2026\/02\/SS_navodilaMVI-za-izpolnjevanje-prijavnic.mp4?_=1\" \/><a href=\"https:\/\/solamiklavz.splet.arnes.si\/files\/2026\/02\/SS_navodilaMVI-za-izpolnjevanje-prijavnic.mp4\">https:\/\/solamiklavz.splet.arnes.si\/files\/2026\/02\/SS_navodilaMVI-za-izpolnjevanje-prijavnic.mp4<\/a><\/video><\/div>\n<p><strong>4.korak<\/strong> &#8211; Izpolnjeno prijavnico <span style=\"color: #ff0000\"><strong>natisnete<\/strong><\/span> in jo<span style=\"color: #ff0000\"> <strong>podpisano<\/strong><\/span> prinesete v pisarno Svetovalne slu\u017ebe, k pedagoginji Vesni Jelen Godunc ali pedagoginji Bojani Juki\u0107<\/p>\n<p>&nbsp;<\/p>\n<p>&nbsp;<\/p>\n<ul>\n<li><a href=\"https:\/\/solamiklavz.splet.arnes.si\/files\/2026\/02\/ROKOVNIK-ZA-VPIS-V-SREDNJE-SOLE-za-ucence-9.razred-OS-Miklavz-na-Dr.polju-PDF-2.pdf\"><span style=\"color: #000000\">ROKOVNIK ZA VPIS V SREDNJE \u0160OLE za u\u010dence 9.razred O\u0160 Miklav\u017e na Dravskem polju<\/span><\/a><\/li>\n<\/ul>\n<p>&nbsp;<\/p>\n<ul>\n<li><a href=\"https:\/\/solamiklavz.splet.arnes.si\/files\/2026\/02\/Razpis-za-vpis-v-programe-nizjega-srednjega-poklicnega-in-srednjega-strokovnega-izobrazevanja-ter-gimnazij3.pdf\"><span style=\"color: #000000\">Razpis za vpis v programe nizjega srednjega poklicnega in srednjega strokovnega izobrazevanja ter gimnazij<\/span><\/a><\/li>\n<\/ul>\n<p>&nbsp;<\/p>\n<ul>\n<li><a href=\"https:\/\/solamiklavz.splet.arnes.si\/files\/2026\/02\/Razpis-za-vpis-v-srednje-sole-in-dijaske-domove-v-solskem-letu-2026-2027_Podravska-regija.pdf\"><span style=\"color: #000000\">Razpis za vpis v srednje \u0161ole in dija\u0161ke domove v \u0161olskem letu 2026-2027_Podravska regija<\/span><\/a><\/li>\n<\/ul>\n<p>&nbsp;<\/p>\n<ul>\n<li><a href=\"https:\/\/www.gov.si\/zbirke\/storitve\/prijava-za-opravljanje-preizkusov-nadarjenosti-znanja-in-spretnosti-in-izpolnjevanje-posebnih-pogojev-za-vpis\/\"><span style=\"color: #000000\">Obrazci za opravljanje preizkusov nadarjenosti, znanja in spretnosti in izpolnjevanje posebnih pogojev<\/span><\/a><\/li>\n<\/ul>\n<p>&nbsp;<\/p>\n<ul>\n<li><span style=\"color: #000000\"><a style=\"color: #000000\" href=\"https:\/\/paka3.mss.edus.si\/vp\/ui\/#\/srednja-sola\/izracun-tock\">Tabela za izra\u010dun to\u010dk v primeru omejitve vpisa<\/a>&nbsp;<\/span><\/li>\n<\/ul>\n<p>&nbsp;<\/p>\n<ul>\n<li><span style=\"color: #000000\"><a style=\"color: #000000\" href=\"https:\/\/app.box.com\/s\/bcmg424k8ay8h4m3yj1iznq6mm71h6hs\">Srednje\u0161olski Vpisnik 2026<\/a><\/span><\/li>\n<\/ul>\n<p>&nbsp;<\/p>\n<ul>\n<li><span style=\"color: #000000\"><a style=\"color: #000000\" href=\"https:\/\/www.dijaskisvet.si\/kategorija\/dijaski-svet\/vpis-v-srednjo-solo\/\">Povezava na informacijsko sredi\u0161\u010de &#8211; www.dijaskisvet.si<\/a><\/span><\/li>\n<\/ul>\n<p>&nbsp;<\/p>\n<ul>\n<li><span style=\"color: #000000\"><a style=\"color: #000000\" href=\"https:\/\/www.gov.si\/podrocja\/izobrazevanje-znanost-in-sport\/stipendije\/\">\u0160tipendije<\/a><\/span><\/li>\n<\/ul>\n<p><img loading=\"lazy\" decoding=\"async\" class=\" wp-image-33163 aligncenter\" src=\"https:\/\/solamiklavz.splet.arnes.si\/files\/2026\/02\/slikica-karierna-orientacija-300x188.png\" alt=\"\" width=\"307\" height=\"192\" srcset=\"https:\/\/solamiklavz.splet.arnes.si\/files\/2026\/02\/slikica-karierna-orientacija-300x188.png 300w, https:\/\/solamiklavz.splet.arnes.si\/files\/2026\/02\/slikica-karierna-orientacija-1024x640.png 1024w, https:\/\/solamiklavz.splet.arnes.si\/files\/2026\/02\/slikica-karierna-orientacija-768x480.png 768w, https:\/\/solamiklavz.splet.arnes.si\/files\/2026\/02\/slikica-karierna-orientacija.png 1080w\" sizes=\"auto, (max-width: 307px) 100vw, 307px\" \/><\/p>\n","protected":false},"excerpt":{"rendered":"<p>KARIERNA ORIENTACIJA ELEKTRONSKI PRENOS PRIJAVNICE \u010ce je kandidat oddal elektronsko prijavnico, ki jo \u017eeli sedaj prenesti, je postopek naslednji: zopet vstopi v vpisno aplikacijo. Do aplikacije lahko vstopa preko spletnih strani ministrstva: Vpis v srednjo \u0161olo | GOV.SI, kot ka\u017ee slika: Vstopi v vpisno aplikacijo in se prijavi: Vnese svoj&#46;&#46;&#46;<\/p>\n","protected":false},"author":2448,"featured_media":0,"parent":0,"menu_order":0,"comment_status":"closed","ping_status":"closed","template":"","meta":{"ngg_post_thumbnail":0,"footnotes":"","_expiration-date-status":"","_expiration-date":0,"_expiration-date-type":"","_expiration-date-categories":[],"_expiration-date-options":[]},"class_list":["post-33140","page","type-page","status-publish","hentry"],"_links":{"self":[{"href":"https:\/\/solamiklavz.splet.arnes.si\/index.php?rest_route=\/wp\/v2\/pages\/33140","targetHints":{"allow":["GET"]}}],"collection":[{"href":"https:\/\/solamiklavz.splet.arnes.si\/index.php?rest_route=\/wp\/v2\/pages"}],"about":[{"href":"https:\/\/solamiklavz.splet.arnes.si\/index.php?rest_route=\/wp\/v2\/types\/page"}],"author":[{"embeddable":true,"href":"https:\/\/solamiklavz.splet.arnes.si\/index.php?rest_route=\/wp\/v2\/users\/2448"}],"replies":[{"embeddable":true,"href":"https:\/\/solamiklavz.splet.arnes.si\/index.php?rest_route=%2Fwp%2Fv2%2Fcomments&post=33140"}],"version-history":[{"count":15,"href":"https:\/\/solamiklavz.splet.arnes.si\/index.php?rest_route=\/wp\/v2\/pages\/33140\/revisions"}],"predecessor-version":[{"id":33981,"href":"https:\/\/solamiklavz.splet.arnes.si\/index.php?rest_route=\/wp\/v2\/pages\/33140\/revisions\/33981"}],"wp:attachment":[{"href":"https:\/\/solamiklavz.splet.arnes.si\/index.php?rest_route=%2Fwp%2Fv2%2Fmedia&parent=33140"}],"curies":[{"name":"wp","href":"https:\/\/api.w.org\/{rel}","templated":true}]}}