{"id":32675,"date":"2025-12-05T09:12:32","date_gmt":"2025-12-05T08:12:32","guid":{"rendered":"https:\/\/solamiklavz.splet.arnes.si\/?page_id=32675"},"modified":"2025-12-05T09:12:32","modified_gmt":"2025-12-05T08:12:32","slug":"solski-okolis","status":"publish","type":"page","link":"https:\/\/solamiklavz.splet.arnes.si\/?page_id=32675","title":{"rendered":"\u0160olski okoli\u0161"},"content":{"rendered":"<p>\u0160olski okoli\u0161 je opredeljen z Odlokom o ustanovitvi javnega zavoda O\u0160 Miklav\u017e na Dravskem polju s strani ustanovitelja Ob\u010dine Miklav\u017e na Dravskem polju. Obsega naslednja naselja:<\/p>\n<ul>\n<li>Miklav\u017e na Dravskem polju,<\/li>\n<li>Dobrovce,<\/li>\n<li>Skoke,<\/li>\n<li>Dravski Dvor.<\/li>\n<\/ul>\n<p>U\u010denci iz naselij Dobrovce, Skoke in Dravski Dvor obiskujejo podru\u017eni\u010dno O\u0160 v Dobrovcah od 1. do 5.razreda, od 6. do 9. razreda pa mati\u010dno O\u0160 Miklav\u017e na Dravskem polju.<\/p>\n","protected":false},"excerpt":{"rendered":"<p>\u0160olski okoli\u0161 je opredeljen z Odlokom o ustanovitvi javnega zavoda O\u0160 Miklav\u017e na Dravskem polju s strani ustanovitelja Ob\u010dine Miklav\u017e na Dravskem polju. Obsega naslednja naselja: Miklav\u017e na Dravskem polju, Dobrovce, Skoke, Dravski Dvor. U\u010denci iz naselij Dobrovce, Skoke in Dravski Dvor obiskujejo podru\u017eni\u010dno O\u0160 v Dobrovcah od 1. do&#46;&#46;&#46;<\/p>\n","protected":false},"author":2448,"featured_media":0,"parent":0,"menu_order":0,"comment_status":"closed","ping_status":"closed","template":"","meta":{"ngg_post_thumbnail":0,"footnotes":"","_expiration-date-status":"","_expiration-date":0,"_expiration-date-type":"","_expiration-date-categories":[],"_expiration-date-options":[]},"class_list":["post-32675","page","type-page","status-publish","hentry"],"_links":{"self":[{"href":"https:\/\/solamiklavz.splet.arnes.si\/index.php?rest_route=\/wp\/v2\/pages\/32675","targetHints":{"allow":["GET"]}}],"collection":[{"href":"https:\/\/solamiklavz.splet.arnes.si\/index.php?rest_route=\/wp\/v2\/pages"}],"about":[{"href":"https:\/\/solamiklavz.splet.arnes.si\/index.php?rest_route=\/wp\/v2\/types\/page"}],"author":[{"embeddable":true,"href":"https:\/\/solamiklavz.splet.arnes.si\/index.php?rest_route=\/wp\/v2\/users\/2448"}],"replies":[{"embeddable":true,"href":"https:\/\/solamiklavz.splet.arnes.si\/index.php?rest_route=%2Fwp%2Fv2%2Fcomments&post=32675"}],"version-history":[{"count":1,"href":"https:\/\/solamiklavz.splet.arnes.si\/index.php?rest_route=\/wp\/v2\/pages\/32675\/revisions"}],"predecessor-version":[{"id":32676,"href":"https:\/\/solamiklavz.splet.arnes.si\/index.php?rest_route=\/wp\/v2\/pages\/32675\/revisions\/32676"}],"wp:attachment":[{"href":"https:\/\/solamiklavz.splet.arnes.si\/index.php?rest_route=%2Fwp%2Fv2%2Fmedia&parent=32675"}],"curies":[{"name":"wp","href":"https:\/\/api.w.org\/{rel}","templated":true}]}}