{"id":105,"date":"2015-03-30T09:07:56","date_gmt":"2015-03-30T08:07:56","guid":{"rendered":"http:\/\/solamiklavz.splet.arnes.si\/?page_id=105"},"modified":"2025-10-14T16:47:09","modified_gmt":"2025-10-14T14:47:09","slug":"pevski-zbor","status":"publish","type":"page","link":"https:\/\/solamiklavz.splet.arnes.si\/?page_id=105","title":{"rendered":"Pevski zbor"},"content":{"rendered":"<p>Na osnovni \u0161oli Miklav\u017e na Dravskem polju delujejo trije pevski zbori.<\/p>\n<p>Najmlaj\u0161i je pevski zbor, v katerem prepevajo u\u010denci prvih in drugih razredov. U\u010denci prepevajo slovenske ljudske in umetne pesmi, otro\u0161ke iz\u0161tevanke, igrajo na Orffova glasbila in se ob pesmih u\u010dijo preprostih koreografij. Cilj tega zbor\u010dka je predvsem razvijanje ritmi\u010dnega in melodi\u010dnega posluha in navajanje na zborovsko petje.<\/p>\n<p>U\u010denci tretjega do \u010detrtega razreda so vklju\u010deni v otro\u0161ki pevski zbor. Pojejo enoglasne slovenske, tuje ljudske pesmi in umetne pesmi slovenskih ter tujih avtorjev. Nastopajo na \u0161olskih in krajevnih prireditvah, redno pa se udele\u017eujejo tudi obmo\u010dnih revij otro\u0161kih pevskih zborov, ki potekajo v Unionski dvorani v Mariboru.<\/p>\n<p>U\u010denci od petega do devetega razreda prepevajo v mladinskem pevskem zboru.<\/p>\n<p>Njihov program vsako leto vsebuje od 12 do 15 pesmi, izbirajo pa ve\u010dinoma dve in triglasne slovenske in tuje ljudske pesmi ter umetne pesmi slovenskih in tujih avtorjev. Svoje petje ve\u010dkrat obogatijo z raznimi koreografijami.<\/p>\n<p>Mladinski pevski zbor nastopa na \u0161olskih in krajevnih prireditvah, redno se udele\u017euje obmo\u010dnih revij mladinskih pevskih zborov, ki poteka v Unionski dvorani Maribor.<\/p>\n<p>Vsi trije pevski zbori delujejo pod vodstvom u\u010diteljice glasbe in zborovodkinje Nu\u0161e Vajs. Vsako leto organizira in izvede dvodnevno pevsko \u0161olo. Pevke in pevci se v teh dneh intenzivno posve\u010dajo pravilni pevski tehniki, utrjujejo letni program, intenzivno ponavljajo pesmi, ki jih bodo peli na reviji, predvsem pa se med seboj pove\u017eejo in za\u010dutijo zbor kot celoto.<\/p>\n<p>&nbsp;<\/p>\n<p><strong>Urnik izvajanja: kmalu&#8230;<\/strong><\/p>\n<p style=\"text-align: right\" align=\"right\">zborovodkinja<\/p>\n<p style=\"text-align: right\" align=\"right\">Nu\u0161a Vajs<\/p>\n<p style=\"text-align: left\" align=\"right\"><img loading=\"lazy\" decoding=\"async\" class=\"size-full wp-image-12911 aligncenter\" src=\"http:\/\/solamiklavz.splet.arnes.si\/files\/2019\/10\/IMG_1429.jpg\" alt=\"\" width=\"674\" height=\"449\" srcset=\"https:\/\/solamiklavz.splet.arnes.si\/files\/2019\/10\/IMG_1429.jpg 674w, https:\/\/solamiklavz.splet.arnes.si\/files\/2019\/10\/IMG_1429-300x200.jpg 300w, https:\/\/solamiklavz.splet.arnes.si\/files\/2019\/10\/IMG_1429-83x55.jpg 83w, https:\/\/solamiklavz.splet.arnes.si\/files\/2019\/10\/IMG_1429-470x313.jpg 470w\" sizes=\"auto, (max-width: 674px) 100vw, 674px\" \/><\/p>\n<p style=\"text-align: left\" align=\"right\"><img loading=\"lazy\" decoding=\"async\" class=\"size-full wp-image-12909 aligncenter\" src=\"http:\/\/solamiklavz.splet.arnes.si\/files\/2019\/10\/IMG_1359.jpg\" alt=\"\" width=\"674\" height=\"449\" srcset=\"https:\/\/solamiklavz.splet.arnes.si\/files\/2019\/10\/IMG_1359.jpg 674w, https:\/\/solamiklavz.splet.arnes.si\/files\/2019\/10\/IMG_1359-300x200.jpg 300w, https:\/\/solamiklavz.splet.arnes.si\/files\/2019\/10\/IMG_1359-83x55.jpg 83w, https:\/\/solamiklavz.splet.arnes.si\/files\/2019\/10\/IMG_1359-470x313.jpg 470w\" sizes=\"auto, (max-width: 674px) 100vw, 674px\" \/><\/p>\n<p>&nbsp;<\/p>\n","protected":false},"excerpt":{"rendered":"<p>Na osnovni \u0161oli Miklav\u017e na Dravskem polju delujejo trije pevski zbori. Najmlaj\u0161i je pevski zbor, v katerem prepevajo u\u010denci prvih in drugih razredov. U\u010denci prepevajo slovenske ljudske in umetne pesmi, otro\u0161ke iz\u0161tevanke, igrajo na Orffova glasbila in se ob pesmih u\u010dijo preprostih koreografij. Cilj tega zbor\u010dka je predvsem razvijanje ritmi\u010dnega&#46;&#46;&#46;<\/p>\n","protected":false},"author":2448,"featured_media":0,"parent":0,"menu_order":0,"comment_status":"open","ping_status":"open","template":"","meta":{"ngg_post_thumbnail":0,"footnotes":"","_expiration-date-status":"","_expiration-date":0,"_expiration-date-type":"","_expiration-date-categories":[],"_expiration-date-options":[]},"class_list":["post-105","page","type-page","status-publish","hentry"],"_links":{"self":[{"href":"https:\/\/solamiklavz.splet.arnes.si\/index.php?rest_route=\/wp\/v2\/pages\/105","targetHints":{"allow":["GET"]}}],"collection":[{"href":"https:\/\/solamiklavz.splet.arnes.si\/index.php?rest_route=\/wp\/v2\/pages"}],"about":[{"href":"https:\/\/solamiklavz.splet.arnes.si\/index.php?rest_route=\/wp\/v2\/types\/page"}],"author":[{"embeddable":true,"href":"https:\/\/solamiklavz.splet.arnes.si\/index.php?rest_route=\/wp\/v2\/users\/2448"}],"replies":[{"embeddable":true,"href":"https:\/\/solamiklavz.splet.arnes.si\/index.php?rest_route=%2Fwp%2Fv2%2Fcomments&post=105"}],"version-history":[{"count":17,"href":"https:\/\/solamiklavz.splet.arnes.si\/index.php?rest_route=\/wp\/v2\/pages\/105\/revisions"}],"predecessor-version":[{"id":31122,"href":"https:\/\/solamiklavz.splet.arnes.si\/index.php?rest_route=\/wp\/v2\/pages\/105\/revisions\/31122"}],"wp:attachment":[{"href":"https:\/\/solamiklavz.splet.arnes.si\/index.php?rest_route=%2Fwp%2Fv2%2Fmedia&parent=105"}],"curies":[{"name":"wp","href":"https:\/\/api.w.org\/{rel}","templated":true}]}}